{"id":136,"date":"2017-08-24T08:28:05","date_gmt":"2017-08-24T06:28:05","guid":{"rendered":"http:\/\/corbasbc.com\/?page_id=136"},"modified":"2017-12-12T23:07:35","modified_gmt":"2017-12-12T22:07:35","slug":"histoire","status":"publish","type":"page","link":"https:\/\/corbasbc.com\/index.php\/histoire\/","title":{"rendered":"Histoire"},"content":{"rendered":"<p class=\"soustitre\">Commune du Rh\u00f4ne au Sud-Est de Lyon &#8211; 9309 habitants (Corbasiens)<\/p>\n<p class=\"texte\"><a tabindex=\"0\" href=\"http:\/\/www.ville-corbas.fr\/\"><img loading=\"lazy\" decoding=\"async\" width=\"164\" height=\"94\" src=\"http:\/\/mjcjeancocteau.org\/wp-content\/uploads\/2013\/10\/CORBAS-logo-Pantone-pc1-copie.jpg\"><\/a><\/p>\n<p class=\"texte\">Corbas appara\u00eet pour la premi\u00e8re fois en 937, sous le nom de Villa CORBATIS et qui deviendra plus tard CORBAI puis CORBAISE, pour donner ensuite CORBAS.<br \/>\nCorbas \u00e9tait constitu\u00e9 de granges et domaines ruraux seigneuriaux.<br \/>\nRattach\u00e9e \u00e0 Marennes, Corbas est l&rsquo;une des communes les plus r\u00e9centes de tout le sud-est lyonnais. Elle devient une commune ind\u00e9pendante le 27 mars 1860.<\/p>\n<p>L&rsquo;urbanisation transforma la petite ville de Corbas en une v\u00e9ritable grande commune o\u00f9 de nombreux bouleversements industriels allaient na\u00eetre !<\/p>\n<p>La multiplication des lotissements de maisons individuelles et les immeubles font passer Corbas de 2300 habitants en 1968 pour atteindre environ 9000 habitants<\/p>\n","protected":false},"excerpt":{"rendered":"<p>Commune du Rh\u00f4ne au Sud-Est de Lyon &#8211; 9309 habitants (Corbasiens) Corbas appara\u00eet pour la premi\u00e8re fois en 937, sous le nom de Villa CORBATIS et qui deviendra plus tard CORBAI puis CORBAISE, pour donner ensuite CORBAS. Corbas \u00e9tait constitu\u00e9 de granges et domaines ruraux seigneuriaux. Rattach\u00e9e \u00e0 Marennes, Corbas est l&rsquo;une des communes les [&hellip;]<\/p>\n","protected":false},"author":1,"featured_media":0,"parent":0,"menu_order":0,"comment_status":"closed","ping_status":"closed","template":"","meta":{"ngg_post_thumbnail":0,"footnotes":""},"class_list":["post-136","page","type-page","status-publish","hentry"],"_links":{"self":[{"href":"https:\/\/corbasbc.com\/index.php\/wp-json\/wp\/v2\/pages\/136","targetHints":{"allow":["GET"]}}],"collection":[{"href":"https:\/\/corbasbc.com\/index.php\/wp-json\/wp\/v2\/pages"}],"about":[{"href":"https:\/\/corbasbc.com\/index.php\/wp-json\/wp\/v2\/types\/page"}],"author":[{"embeddable":true,"href":"https:\/\/corbasbc.com\/index.php\/wp-json\/wp\/v2\/users\/1"}],"replies":[{"embeddable":true,"href":"https:\/\/corbasbc.com\/index.php\/wp-json\/wp\/v2\/comments?post=136"}],"version-history":[{"count":0,"href":"https:\/\/corbasbc.com\/index.php\/wp-json\/wp\/v2\/pages\/136\/revisions"}],"wp:attachment":[{"href":"https:\/\/corbasbc.com\/index.php\/wp-json\/wp\/v2\/media?parent=136"}],"curies":[{"name":"wp","href":"https:\/\/api.w.org\/{rel}","templated":true}]}}