{"id":272,"date":"2017-08-24T13:21:32","date_gmt":"2017-08-24T11:21:32","guid":{"rendered":"http:\/\/corbasbc.com\/?page_id=272"},"modified":"2022-06-30T15:36:15","modified_gmt":"2022-06-30T13:36:15","slug":"partenaires","status":"publish","type":"page","link":"https:\/\/corbasbc.com\/index.php\/partenaires\/","title":{"rendered":"Partenaires"},"content":{"rendered":"<div>\n<div>&nbsp;<\/div>\n<div>\n<div class=\"separation\">&nbsp;<\/div>\n<\/div>\n<\/div>\n\n\n<div class=\"wp-block-columns are-vertically-aligned-top is-layout-flex wp-container-core-columns-is-layout-9d6595d7 wp-block-columns-is-layout-flex\">\n<div class=\"wp-block-column is-vertically-aligned-top is-layout-flow wp-block-column-is-layout-flow\" style=\"flex-basis:100%\">\n<figure class=\"wp-block-gallery has-nested-images columns-default is-cropped wp-block-gallery-1 is-layout-flex wp-block-gallery-is-layout-flex\">\n<figure class=\"wp-block-image size-large\"><img loading=\"lazy\" decoding=\"async\" width=\"720\" height=\"340\" data-id=\"15068\" src=\"https:\/\/corbasbc.com\/wp-content\/uploads\/2022\/04\/partenaire-720x340-1.png\" alt=\"\" class=\"wp-image-15068\" srcset=\"https:\/\/corbasbc.com\/wp-content\/uploads\/2022\/04\/partenaire-720x340-1.png 720w, https:\/\/corbasbc.com\/wp-content\/uploads\/2022\/04\/partenaire-720x340-1-300x142.png 300w, https:\/\/corbasbc.com\/wp-content\/uploads\/2022\/04\/partenaire-720x340-1-128x60.png 128w, https:\/\/corbasbc.com\/wp-content\/uploads\/2022\/04\/partenaire-720x340-1-32x15.png 32w, https:\/\/corbasbc.com\/wp-content\/uploads\/2022\/04\/partenaire-720x340-1-600x283.png 600w\" sizes=\"auto, (max-width: 720px) 100vw, 720px\" \/><\/figure>\n<\/figure>\n<\/div>\n<\/div>\n\n\n\n<p>Merci a nos partenaires de soutenir le <strong>CORBAS BASKET CLUB<\/strong><\/p>\n\n\n\n<figure class=\"wp-block-image size-full is-resized is-style-default\"><a href=\"http:\/\/laboutiquefactory.com\/\"><img loading=\"lazy\" decoding=\"async\" src=\"https:\/\/corbasbc.com\/wp-content\/uploads\/2022\/04\/EDHS2031.png\" alt=\"\" class=\"wp-image-15069\" width=\"374\" height=\"214\" srcset=\"https:\/\/corbasbc.com\/wp-content\/uploads\/2022\/04\/EDHS2031.png 1024w, https:\/\/corbasbc.com\/wp-content\/uploads\/2022\/04\/EDHS2031-300x172.png 300w, https:\/\/corbasbc.com\/wp-content\/uploads\/2022\/04\/EDHS2031-768x440.png 768w, https:\/\/corbasbc.com\/wp-content\/uploads\/2022\/04\/EDHS2031-128x73.png 128w, https:\/\/corbasbc.com\/wp-content\/uploads\/2022\/04\/EDHS2031-32x18.png 32w, https:\/\/corbasbc.com\/wp-content\/uploads\/2022\/04\/EDHS2031-600x343.png 600w, https:\/\/corbasbc.com\/wp-content\/uploads\/2022\/04\/EDHS2031-105x60.png 105w, https:\/\/corbasbc.com\/wp-content\/uploads\/2022\/04\/EDHS2031-157x90.png 157w\" sizes=\"auto, (max-width: 374px) 100vw, 374px\" \/><\/a><figcaption>La boutique vous propose des sous-v\u00eatements et des chaussettes, des chaussures, une s\u00e9lection d&rsquo;accessoires de mode, ainsi que des v\u00eatements de c\u00e9r\u00e9monie.<br>Chaque licenci\u00e9s qui pr\u00e9sentera sa licence aura une remise de 10%.<sub>&nbsp;<\/sub><br>11 impasse du Rh\u00f4ne 69960 CORBAS    <a href=\"http:\/\/laboutiquefactory.com\/\">http:\/\/laboutiquefactory.com\/<\/a><\/figcaption><\/figure>\n\n\n\n<figure class=\"wp-block-image size-full is-resized is-style-rounded\"><a href=\"http:\/\/atelier-des-frangins.fr\"><img loading=\"lazy\" decoding=\"async\" src=\"https:\/\/corbasbc.com\/wp-content\/uploads\/2022\/04\/IMG_E3940.jpg\" alt=\"\" class=\"wp-image-15070\" width=\"384\" height=\"208\" srcset=\"https:\/\/corbasbc.com\/wp-content\/uploads\/2022\/04\/IMG_E3940.jpg 739w, https:\/\/corbasbc.com\/wp-content\/uploads\/2022\/04\/IMG_E3940-300x162.jpg 300w, https:\/\/corbasbc.com\/wp-content\/uploads\/2022\/04\/IMG_E3940-128x69.jpg 128w, https:\/\/corbasbc.com\/wp-content\/uploads\/2022\/04\/IMG_E3940-32x17.jpg 32w, https:\/\/corbasbc.com\/wp-content\/uploads\/2022\/04\/IMG_E3940-600x325.jpg 600w, https:\/\/corbasbc.com\/wp-content\/uploads\/2022\/04\/IMG_E3940-111x60.jpg 111w, https:\/\/corbasbc.com\/wp-content\/uploads\/2022\/04\/IMG_E3940-166x90.jpg 166w\" sizes=\"auto, (max-width: 384px) 100vw, 384px\" \/><\/a><figcaption>Restaurant l&rsquo;atelier des frangins<br>Des Frangins embarqu\u00e9s dans une aventure exceptionnelle, pour vous r\u00e9galer dans une ambiance unique!!!<br> 10 avenue Gabriel P\u00e9ri 69960 CORBAS <a href=\"http:\/\/atelier-des-frangins.fr\" data-type=\"URL\" data-id=\"http:\/\/atelier-des-frangins.fr\">http:\/\/atelier-des-frangins.fr<\/a><\/figcaption><\/figure>\n\n\n\n<figure class=\"wp-block-image size-full is-resized is-style-rounded\"><a href=\"https:\/\/lmvs-lmac.wixsite.com\/\"><img loading=\"lazy\" decoding=\"async\" src=\"https:\/\/corbasbc.com\/wp-content\/uploads\/2022\/04\/IMG_E5579.jpg\" alt=\"\" class=\"wp-image-15071\" width=\"374\" height=\"225\" srcset=\"https:\/\/corbasbc.com\/wp-content\/uploads\/2022\/04\/IMG_E5579.jpg 750w, https:\/\/corbasbc.com\/wp-content\/uploads\/2022\/04\/IMG_E5579-300x180.jpg 300w, https:\/\/corbasbc.com\/wp-content\/uploads\/2022\/04\/IMG_E5579-128x77.jpg 128w, https:\/\/corbasbc.com\/wp-content\/uploads\/2022\/04\/IMG_E5579-32x19.jpg 32w, https:\/\/corbasbc.com\/wp-content\/uploads\/2022\/04\/IMG_E5579-600x361.jpg 600w, https:\/\/corbasbc.com\/wp-content\/uploads\/2022\/04\/IMG_E5579-100x60.jpg 100w, https:\/\/corbasbc.com\/wp-content\/uploads\/2022\/04\/IMG_E5579-150x90.jpg 150w\" sizes=\"auto, (max-width: 374px) 100vw, 374px\" \/><\/a><figcaption>La soci\u00e9t\u00e9 LMVS a su s\u2019imposer depuis 11&nbsp;ans comme incontournable sur le secteur de la location de mat\u00e9riel pour les professionnels de la construction (TP, B\u00e2timent gros \u0153uvre\/second \u0153uvre), les Espaces Verts, l\u2019Industrie et les Collectivit\u00e9s.&nbsp;<br>LMVS vous propose une large gamme de mat\u00e9riels professionnels parmi les plus grandes marques : nacelles, chariots t\u00e9lescopiques, mini pelles, chargeuses, mat\u00e9riels \u00e9lectriques, outillages performants.<br>2 rue Antonin Dumas&nbsp;69200 V\u00e9nissieux&nbsp;<a href=\"https:\/\/lmvs-lmac.wixsite.com\/\">https:\/\/lmvs-lmac.wixsite.com\/<\/a><\/figcaption><\/figure>\n\n\n\n<figure class=\"wp-block-image size-full is-resized\"><a href=\"http:\/\/www.sport-cotiere.com\"><img loading=\"lazy\" decoding=\"async\" src=\"https:\/\/corbasbc.com\/wp-content\/uploads\/2022\/04\/IMG_E2016.jpg\" alt=\"\" class=\"wp-image-15072\" width=\"330\" height=\"319\" srcset=\"https:\/\/corbasbc.com\/wp-content\/uploads\/2022\/04\/IMG_E2016.jpg 750w, https:\/\/corbasbc.com\/wp-content\/uploads\/2022\/04\/IMG_E2016-300x290.jpg 300w, https:\/\/corbasbc.com\/wp-content\/uploads\/2022\/04\/IMG_E2016-128x124.jpg 128w, https:\/\/corbasbc.com\/wp-content\/uploads\/2022\/04\/IMG_E2016-32x32.jpg 32w, https:\/\/corbasbc.com\/wp-content\/uploads\/2022\/04\/IMG_E2016-600x581.jpg 600w, https:\/\/corbasbc.com\/wp-content\/uploads\/2022\/04\/IMG_E2016-62x60.jpg 62w, https:\/\/corbasbc.com\/wp-content\/uploads\/2022\/04\/IMG_E2016-93x90.jpg 93w\" sizes=\"auto, (max-width: 330px) 100vw, 330px\" \/><\/a><figcaption><strong>Espace Sport C\u00f4ti\u00e8re<\/strong>, magasin de sport acc\u00e8s aux associations sportives, situ\u00e9 \u00e0 Beynost (01), \u00e0 15 minutes \u00e0 l\u2019Est de Lyon, LE sp\u00e9cialiste de l\u2019\u00e9quipement aupr\u00e8s des Clubs et Entreprises depuis 1995.<br>Accueil \u2013 Service \u2013 Proximit\u00e9 sont les maitres mots.<br>Dans un showroom de 350m\u00b2,&nbsp;<strong>Espace Sport C\u00f4ti\u00e8re<\/strong>&nbsp;vous accueille dans un lieu d\u00e9di\u00e9 aux clubs, associations, collectivit\u00e9s et entreprises.<br>Rue du PRE CAILLAT 01700 BEYNOST <a href=\"http:\/\/www.sport-cotiere.com\">http:\/\/www.sport-cotiere.com<\/a><\/figcaption><\/figure>\n\n\n\n<p><\/p>\n\n\n\n<figure class=\"wp-block-image size-large is-resized is-style-rounded\"><a href=\"http:\/\/www.groupe-idoneus.fr\/\"><img loading=\"lazy\" decoding=\"async\" src=\"https:\/\/corbasbc.com\/wp-content\/uploads\/2022\/04\/RJAV3010-1024x410.png\" alt=\"\" class=\"wp-image-15073\" width=\"382\" height=\"152\" srcset=\"https:\/\/corbasbc.com\/wp-content\/uploads\/2022\/04\/RJAV3010-1024x410.png 1024w, https:\/\/corbasbc.com\/wp-content\/uploads\/2022\/04\/RJAV3010-300x120.png 300w, https:\/\/corbasbc.com\/wp-content\/uploads\/2022\/04\/RJAV3010-768x307.png 768w, https:\/\/corbasbc.com\/wp-content\/uploads\/2022\/04\/RJAV3010-128x51.png 128w, https:\/\/corbasbc.com\/wp-content\/uploads\/2022\/04\/RJAV3010-32x13.png 32w, https:\/\/corbasbc.com\/wp-content\/uploads\/2022\/04\/RJAV3010-600x240.png 600w, https:\/\/corbasbc.com\/wp-content\/uploads\/2022\/04\/RJAV3010-150x60.png 150w, https:\/\/corbasbc.com\/wp-content\/uploads\/2022\/04\/RJAV3010-225x90.png 225w, https:\/\/corbasbc.com\/wp-content\/uploads\/2022\/04\/RJAV3010.png 1175w\" sizes=\"auto, (max-width: 382px) 100vw, 382px\" \/><\/a><\/figure>\n\n\n\n<p>IDONEUS GROUPE est une entreprise bas\u00e9e \u00e0 Saint-Priest et proposant des solutions pour faciliter la gestion de vos locaux professionnels gr\u00e2ce \u00e0 leurs multiples comp\u00e9tences : Propret\u00e9, Technique, Travaux, R\u00e9novation et Multiservices. <\/p>\n\n\n\n<p>1 Impasse BACO 69800 SAINT PRIEST <a href=\"http:\/\/www.groupe-idoneus.fr\/\" data-type=\"URL\" data-id=\"http:\/\/www.groupe-idoneus.fr\/\">http:\/\/www.groupe-idoneus.fr\/<\/a><\/p>\n\n\n\n<p><\/p>\n\n\n\n<p><\/p>\n\n\n\n<p><\/p>\n\n\n\n<p><\/p>\n","protected":false},"excerpt":{"rendered":"<p>&nbsp; &nbsp; Merci a nos partenaires de soutenir le CORBAS BASKET CLUB IDONEUS GROUPE est une entreprise bas\u00e9e \u00e0 Saint-Priest et proposant des solutions pour faciliter la gestion de vos locaux professionnels gr\u00e2ce \u00e0 leurs multiples comp\u00e9tences : Propret\u00e9, Technique, Travaux, R\u00e9novation et Multiservices. 1 Impasse BACO 69800 SAINT PRIEST http:\/\/www.groupe-idoneus.fr\/<\/p>\n","protected":false},"author":4,"featured_media":0,"parent":0,"menu_order":0,"comment_status":"closed","ping_status":"closed","template":"template-fullwidth.php","meta":{"ngg_post_thumbnail":0,"footnotes":""},"class_list":["post-272","page","type-page","status-publish","hentry"],"_links":{"self":[{"href":"https:\/\/corbasbc.com\/index.php\/wp-json\/wp\/v2\/pages\/272","targetHints":{"allow":["GET"]}}],"collection":[{"href":"https:\/\/corbasbc.com\/index.php\/wp-json\/wp\/v2\/pages"}],"about":[{"href":"https:\/\/corbasbc.com\/index.php\/wp-json\/wp\/v2\/types\/page"}],"author":[{"embeddable":true,"href":"https:\/\/corbasbc.com\/index.php\/wp-json\/wp\/v2\/users\/4"}],"replies":[{"embeddable":true,"href":"https:\/\/corbasbc.com\/index.php\/wp-json\/wp\/v2\/comments?post=272"}],"version-history":[{"count":0,"href":"https:\/\/corbasbc.com\/index.php\/wp-json\/wp\/v2\/pages\/272\/revisions"}],"wp:attachment":[{"href":"https:\/\/corbasbc.com\/index.php\/wp-json\/wp\/v2\/media?parent=272"}],"curies":[{"name":"wp","href":"https:\/\/api.w.org\/{rel}","templated":true}]}}