{"id":317,"date":"2017-08-24T20:21:26","date_gmt":"2017-08-24T18:21:26","guid":{"rendered":"http:\/\/corbasbc.com\/?page_id=317"},"modified":"2017-08-24T20:23:02","modified_gmt":"2017-08-24T18:23:02","slug":"mentions-legales","status":"publish","type":"page","link":"https:\/\/corbasbc.com\/index.php\/mentions-legales\/","title":{"rendered":"Mentions L\u00e9gales"},"content":{"rendered":"<p><strong>Droit d&rsquo;auteur \/ Copyright : <\/strong>Jordan COUSTON \/ Bertrand CHALLET<\/p>\n<p><strong>Conception \/ Cr\u00e9ation \/ R\u00e9alisation : <\/strong>Jordan COUSTON \/ Bertrand CHALLET<\/p>\n<p><strong>Photographies :<\/strong><br \/>\nCorbas Basket Club \u00a0\/ Jean-Christophe Morales<br \/>\nVille de Corbas<\/p>\n<p><strong>Mentions l\u00e9gales :<\/strong><br \/>\nCe site internet est \u00e9dit\u00e9 par : Corbas Basket Club.<br \/>\nDirecteur de la publication : CORBAS BC \/ Jordan COUSTON<\/p>\n<p>Pour toute information sur ce site ou son contenu, veuillez contacter :\u00a0<a title=\"contacter le corbas basket club\" href=\"mailto:contact@corbasbc.com\">contact@corbasbc.com<\/a><\/p>\n<p><strong>H\u00e9bergement :<\/strong>\u00a0OVH<\/p>\n<p>Le Corbas BC a ouvert ce site pour l&rsquo;information personnelle de ses utilisateurs.<br \/>\nAucune exploitation commerciale m\u00eame partielle de son contenu, ses donn\u00e9es chiffr\u00e9es ou non , qui y sont pr\u00e9sent\u00e9es ne pourra \u00eatre effectu\u00e9e sans l&rsquo;accord pr\u00e9alable et \u00e9crit du Corbas BC.<\/p>\n<p>L&rsquo;ensemble de ce site constitue une oeuvre prot\u00e9g\u00e9e par les lois en vigueur sur la propri\u00e9t\u00e9 intellectuelle. Aucune reproduction et\/ou repr\u00e9sentation, partielle ou int\u00e9grale, ne pourra en \u00eatre faite sans l&rsquo;accord pr\u00e9alable et \u00e9crit du Corbas Basket Club.<\/p>\n<p>Les liens hypertextes externes mis en place dans le cadre du pr\u00e9sent site et les contenus des sites de tiers vers lesquels ils pointent ne sauraient engager la responsabilit\u00e9 du Corbas Basket Club.<\/p>\n","protected":false},"excerpt":{"rendered":"<p>Droit d&rsquo;auteur \/ Copyright : Jordan COUSTON \/ Bertrand CHALLET Conception \/ Cr\u00e9ation \/ R\u00e9alisation : Jordan COUSTON \/ Bertrand CHALLET Photographies : Corbas Basket Club \u00a0\/ Jean-Christophe Morales Ville de Corbas Mentions l\u00e9gales : Ce site internet est \u00e9dit\u00e9 par : Corbas Basket Club. Directeur de la publication : CORBAS BC \/ Jordan COUSTON [&hellip;]<\/p>\n","protected":false},"author":1,"featured_media":0,"parent":0,"menu_order":0,"comment_status":"closed","ping_status":"closed","template":"","meta":{"ngg_post_thumbnail":0,"footnotes":""},"class_list":["post-317","page","type-page","status-publish","hentry"],"_links":{"self":[{"href":"https:\/\/corbasbc.com\/index.php\/wp-json\/wp\/v2\/pages\/317","targetHints":{"allow":["GET"]}}],"collection":[{"href":"https:\/\/corbasbc.com\/index.php\/wp-json\/wp\/v2\/pages"}],"about":[{"href":"https:\/\/corbasbc.com\/index.php\/wp-json\/wp\/v2\/types\/page"}],"author":[{"embeddable":true,"href":"https:\/\/corbasbc.com\/index.php\/wp-json\/wp\/v2\/users\/1"}],"replies":[{"embeddable":true,"href":"https:\/\/corbasbc.com\/index.php\/wp-json\/wp\/v2\/comments?post=317"}],"version-history":[{"count":0,"href":"https:\/\/corbasbc.com\/index.php\/wp-json\/wp\/v2\/pages\/317\/revisions"}],"wp:attachment":[{"href":"https:\/\/corbasbc.com\/index.php\/wp-json\/wp\/v2\/media?parent=317"}],"curies":[{"name":"wp","href":"https:\/\/api.w.org\/{rel}","templated":true}]}}