{"id":38,"date":"2017-08-23T10:38:20","date_gmt":"2017-08-23T08:38:20","guid":{"rendered":"http:\/\/corbasbc.com\/?page_id=38"},"modified":"2017-08-24T11:11:18","modified_gmt":"2017-08-24T09:11:18","slug":"les-origines-du-club","status":"publish","type":"page","link":"https:\/\/corbasbc.com\/index.php\/les-origines-du-club\/","title":{"rendered":"Les Origines du Club"},"content":{"rendered":"<p class=\"soustitre\"><strong>Les origines du Corbas Basket Club<\/strong><\/p>\n<p class=\"texte\">Le sport collectif f\u00e9minin \u00e9tait presque inexistant sur la commune de Corbas.<\/p>\n<p>Le 28 avril 1978, sur l&rsquo;initiative d&rsquo;une \u00ab poign\u00e9e de Corbasiens \u00bb, les statuts du Corbas Basket Club sont d\u00e9pos\u00e9s en pr\u00e9fecture.<\/p>\n<p>Le Club d\u00e9bute ses championnats f\u00e9minins avec une quarantaine de licenci\u00e9s. Les entra\u00eenements, tout comme les premiers matchs, se d\u00e9roulent sous le pr\u00e9au de l&rsquo;\u00e9cole Marie Curie.<\/p>\n<p>L&rsquo;ambiance au sein du Club et les r\u00e9sultats sportifs faisant leur preuve, la Municipalit\u00e9 am\u00e9nage la salle des f\u00eates. Une salle des f\u00eates, dans les ann\u00e9es soixante-dix et sur les petites communes, concentrait aussi bien les manifestations culturelles que les manifestations sportives, et il fallait de sacr\u00e9s tours de force pour utiliser au mieux cette structure.<\/p>\n<p>Le Corbas Basket Club trouve sa place et d\u00e9couvre la valeur \u00e9ducative de ce sport collectif qui attire de nouveaux adeptes.<\/p>\n<p>En 1982, le club se structure. Avec l&rsquo;arriv\u00e9e de nouveaux dirigeants et entra\u00eeneurs b\u00e9n\u00e9voles, il accueille des \u00e9quipes masculines.<\/p>\n<p><img loading=\"lazy\" decoding=\"async\" class=\"alignleft size-full wp-image-239\" src=\"http:\/\/corbasbc.com\/wp-content\/uploads\/2017\/08\/club_80.jpg\" alt=\"\" width=\"420\" height=\"270\" srcset=\"https:\/\/corbasbc.com\/wp-content\/uploads\/2017\/08\/club_80.jpg 420w, https:\/\/corbasbc.com\/wp-content\/uploads\/2017\/08\/club_80-300x193.jpg 300w, https:\/\/corbasbc.com\/wp-content\/uploads\/2017\/08\/club_80-128x82.jpg 128w, https:\/\/corbasbc.com\/wp-content\/uploads\/2017\/08\/club_80-32x21.jpg 32w\" sizes=\"auto, (max-width: 420px) 100vw, 420px\" \/><\/p>\n<p><strong>Match 20ans du club : S\u00e9niors CBC &#8211; Anciens CBC (1998)<\/strong><\/p>\n<p>La mise en service, le 11 d\u00e9cembre 1982, du gymnase des Taillis permet un meilleur fonctionnement du Corbas Basket Club et les r\u00e9sultats sportifs sont encourageants.<\/p>\n<p>Cette dynamique entra\u00eene un investissement important au niveau sportif, administratif et financier. Gr\u00e2ce au travail et \u00e0 l&rsquo;enthousiasme d&rsquo;un groupe de fid\u00e8les, le Corbas Basket Club a su se p\u00e9renniser et faire briller les couleurs de la Ville jusqu&rsquo;en CHAMPIONNAT NATIONAL F\u00c9MININ 3.<\/p>\n","protected":false},"excerpt":{"rendered":"<p>Les origines du Corbas Basket Club Le sport collectif f\u00e9minin \u00e9tait presque inexistant sur la commune de Corbas. Le 28 avril 1978, sur l&rsquo;initiative d&rsquo;une \u00ab poign\u00e9e de Corbasiens \u00bb, les statuts du Corbas Basket Club sont d\u00e9pos\u00e9s en pr\u00e9fecture. Le Club d\u00e9bute ses championnats f\u00e9minins avec une quarantaine de licenci\u00e9s. Les entra\u00eenements, tout comme [&hellip;]<\/p>\n","protected":false},"author":1,"featured_media":0,"parent":0,"menu_order":0,"comment_status":"closed","ping_status":"closed","template":"","meta":{"ngg_post_thumbnail":0,"footnotes":""},"class_list":["post-38","page","type-page","status-publish","hentry"],"_links":{"self":[{"href":"https:\/\/corbasbc.com\/index.php\/wp-json\/wp\/v2\/pages\/38","targetHints":{"allow":["GET"]}}],"collection":[{"href":"https:\/\/corbasbc.com\/index.php\/wp-json\/wp\/v2\/pages"}],"about":[{"href":"https:\/\/corbasbc.com\/index.php\/wp-json\/wp\/v2\/types\/page"}],"author":[{"embeddable":true,"href":"https:\/\/corbasbc.com\/index.php\/wp-json\/wp\/v2\/users\/1"}],"replies":[{"embeddable":true,"href":"https:\/\/corbasbc.com\/index.php\/wp-json\/wp\/v2\/comments?post=38"}],"version-history":[{"count":0,"href":"https:\/\/corbasbc.com\/index.php\/wp-json\/wp\/v2\/pages\/38\/revisions"}],"wp:attachment":[{"href":"https:\/\/corbasbc.com\/index.php\/wp-json\/wp\/v2\/media?parent=38"}],"curies":[{"name":"wp","href":"https:\/\/api.w.org\/{rel}","templated":true}]}}